{"id":824,"date":"2019-05-06T14:48:32","date_gmt":"2019-05-06T12:48:32","guid":{"rendered":"http:\/\/ssume.edejadev.com\/?page_id=824"},"modified":"2023-07-11T12:59:23","modified_gmt":"2023-07-11T10:59:23","slug":"radan","status":"publish","type":"page","link":"https:\/\/srbijasume.rs\/en\/ribarstvo\/rp-u-zasticenim-podrucjima\/radan\/","title":{"rendered":"Fishing Area &#8220;Radan\u201c"},"content":{"rendered":"&#8221;Radan&#8221; Fishing Area consists of the following fishing waters: the Grabova\u010dka, Kameni\u010dka, Banjska, Prolomska, and Obra\u0161ka rivers. In addition to the mentioned watercourses or their parts within the fishing area, there is an artificial reservoir &#8220;Brestovac&#8221; (&#8220;Brestovac Lake&#8221; hereinafter), as well as other waters of smaller capacity within the boundaries of \u201cRadan\u201c Nature Park.<\/p>\n<p>The boundaries of the fishing area coincide with the boundaries of \u201cRadan\u201c Nature Park.<\/p>\n<p>The waters of the fishing area are used for recreational fishing.<\/p>\n<p><a href=\"https:\/\/srbijasume.rs\/ssume\/wp-content\/uploads\/2019\/07\/Radan-brestovacko-jezero1-e1562221568733.jpg\"><img loading=\"lazy\" decoding=\"async\" class=\"aligncenter size-full wp-image-6748\" src=\"https:\/\/srbijasume.rs\/ssume\/wp-content\/uploads\/2019\/07\/Radan-brestovacko-jezero1-e1562221568733.jpg\" alt=\"\" width=\"1920\" height=\"667\" srcset=\"https:\/\/srbijasume.rs\/ssume\/wp-content\/uploads\/2019\/07\/Radan-brestovacko-jezero1-e1562221568733.jpg 1920w, https:\/\/srbijasume.rs\/ssume\/wp-content\/uploads\/2019\/07\/Radan-brestovacko-jezero1-e1562221568733-300x104.jpg 300w, https:\/\/srbijasume.rs\/ssume\/wp-content\/uploads\/2019\/07\/Radan-brestovacko-jezero1-e1562221568733-768x267.jpg 768w, https:\/\/srbijasume.rs\/ssume\/wp-content\/uploads\/2019\/07\/Radan-brestovacko-jezero1-e1562221568733-1024x356.jpg 1024w\" sizes=\"auto, (max-width: 1920px) 100vw, 1920px\" \/><\/a>","protected":false},"excerpt":{"rendered":"<p>&#8221;Radan&#8221; Fishing Area consists of the following fishing waters: the Grabova\u010dka, Kameni\u010dka, Banjska, Prolomska, and Obra\u0161ka rivers. In addition to the mentioned watercourses or their parts within the fishing area,<a href=https:\/\/srbijasume.rs\/en\/ribarstvo\/rp-u-zasticenim-podrucjima\/radan\/>&#8230;<\/a><\/p>\n<p><a class=\"ssume-read-more-link\" href=\"https:\/\/srbijasume.rs\/en\/ribarstvo\/rp-u-zasticenim-podrucjima\/radan\/\">Read More&#8230;<i class=\"arrowrig fas fa-long-arrow-alt-right\"><\/i><\/a><\/p>\n","protected":false},"author":1,"featured_media":0,"parent":524,"menu_order":9,"comment_status":"closed","ping_status":"closed","template":"","meta":{"footnotes":""},"class_list":["post-824","page","type-page","status-publish","hentry"],"_links":{"self":[{"href":"https:\/\/srbijasume.rs\/en\/wp-json\/wp\/v2\/pages\/824","targetHints":{"allow":["GET"]}}],"collection":[{"href":"https:\/\/srbijasume.rs\/en\/wp-json\/wp\/v2\/pages"}],"about":[{"href":"https:\/\/srbijasume.rs\/en\/wp-json\/wp\/v2\/types\/page"}],"author":[{"embeddable":true,"href":"https:\/\/srbijasume.rs\/en\/wp-json\/wp\/v2\/users\/1"}],"replies":[{"embeddable":true,"href":"https:\/\/srbijasume.rs\/en\/wp-json\/wp\/v2\/comments?post=824"}],"version-history":[{"count":15,"href":"https:\/\/srbijasume.rs\/en\/wp-json\/wp\/v2\/pages\/824\/revisions"}],"predecessor-version":[{"id":17339,"href":"https:\/\/srbijasume.rs\/en\/wp-json\/wp\/v2\/pages\/824\/revisions\/17339"}],"up":[{"embeddable":true,"href":"https:\/\/srbijasume.rs\/en\/wp-json\/wp\/v2\/pages\/524"}],"wp:attachment":[{"href":"https:\/\/srbijasume.rs\/en\/wp-json\/wp\/v2\/media?parent=824"}],"curies":[{"name":"wp","href":"https:\/\/api.w.org\/{rel}","templated":true}]}}