{"id":816,"date":"2019-05-06T14:46:40","date_gmt":"2019-05-06T12:46:40","guid":{"rendered":"http:\/\/ssume.edejadev.com\/?page_id=816"},"modified":"2023-07-11T13:05:01","modified_gmt":"2023-07-11T11:05:01","slug":"golija","status":"publish","type":"page","link":"https:\/\/srbijasume.rs\/en\/ribarstvo\/rp-u-zasticenim-podrucjima\/golija\/","title":{"rendered":"Fishing Area &#8220;Golija\u201c"},"content":{"rendered":"The boundaries of\u00a0 \u201cGolija\u201c Fishing Area lie within the boundaries of \u201cGolija\u201c Nature Park. The area of Golija is characterized by refugial character of habitats, which allows the survival of tertiary flora. Golija, along with Mount Tara, represents a refugium of tertiary flora in Serbia and a significant center of genetic, species and ecosystem diversity in the Balkans and Europe.<\/p>\n<p>Within the fishing area of \u200b\u200bthe \u201cGolija\u201c Nature Park there is a part of the Studenica River with tributaries, the Moravica with tributaries, the Brvenica with tributaries, part of the Ljudska River with tributaries, the upper courses of the Drami\u0107 Stream and Ple\u0161inska River, and other watercourses, as well as several lakes (Daji\u0107ko, Ko\u0161aninova, Okruglica, etc.).<\/p>\n<p>By analyzing the results, the presence of 6 fish species has been recorded in the fishing waters of the area. \u201cGolija\u201c Fishing Area is typically salmonid in terms of abiotic and biotic characteristics, so the brown trout is the most common species and frequently the only one, especially in streams and rivers at altitudes above 500 m. Flowing water bodies at altitudes below 500 m, in addition to the trout, are inhabited by the schneider\/spirlin (<em>Alburnoides bipunctatus<\/em>) and Danube barbel (<em>Barbus balcanicus<\/em>). In the Moravica there is also the common minnow (<em>Phoxinus phoxinus<\/em>), and in one part of the upper course of the Studenica also the European bullhead (<em>Cottus gobio<\/em>), as the only strictly protected species. The largest trout population is found in the upper course of the rivers Moravica, Brusni\u010dka, Brvenica and especially Studenica (average 563 pieces\/km). In other rivers, the average trout population is about 267 pieces\/km of the course.<\/p>\n<p><a href=\"https:\/\/srbijasume.rs\/ssume\/wp-content\/uploads\/2019\/07\/viber-image8-e1562244607556.jpeg\"><img loading=\"lazy\" decoding=\"async\" class=\"aligncenter size-full wp-image-6790\" src=\"https:\/\/srbijasume.rs\/ssume\/wp-content\/uploads\/2019\/07\/viber-image8-e1562244607556.jpeg\" alt=\"\" width=\"1280\" height=\"534\" srcset=\"https:\/\/srbijasume.rs\/ssume\/wp-content\/uploads\/2019\/07\/viber-image8-e1562244607556.jpeg 1280w, https:\/\/srbijasume.rs\/ssume\/wp-content\/uploads\/2019\/07\/viber-image8-e1562244607556-300x125.jpeg 300w, https:\/\/srbijasume.rs\/ssume\/wp-content\/uploads\/2019\/07\/viber-image8-e1562244607556-768x320.jpeg 768w, https:\/\/srbijasume.rs\/ssume\/wp-content\/uploads\/2019\/07\/viber-image8-e1562244607556-1024x427.jpeg 1024w\" sizes=\"auto, (max-width: 1280px) 100vw, 1280px\" \/><\/a><\/p>\n<p>The rivers and streams from the area of \u201cGolija\u201c Nature Park generally belong to the Black Sea Basin. The Moravica and Studenica river basins, with their many tributaries, are the main carriers of geomorphological processes and relief forms. The density of the hydrographic network is estimated to be about 2100 m\/km2. Running waters of \u201cGolija\u201c Fishing Area generally have stable flows that are not significantly reduced even in the low water period, so they have been declared protected sources of national and regional importance. Most of the running waters of Golija belong to the salmonid region. The flowing waters of the Studenica and Moravica basins, and of other smaller tributaries, have large flows that do not decrease even in the period of low waters, where the brown trout is dominant.<\/p>\n<p><a href=\"https:\/\/srbijasume.rs\/ssume\/wp-content\/uploads\/2019\/07\/viber-image1-e1562244351221.jpeg\"><img loading=\"lazy\" decoding=\"async\" class=\"aligncenter size-full wp-image-6782\" src=\"https:\/\/srbijasume.rs\/ssume\/wp-content\/uploads\/2019\/07\/viber-image1-e1562244351221.jpeg\" alt=\"\" width=\"1280\" height=\"617\" srcset=\"https:\/\/srbijasume.rs\/ssume\/wp-content\/uploads\/2019\/07\/viber-image1-e1562244351221.jpeg 1280w, https:\/\/srbijasume.rs\/ssume\/wp-content\/uploads\/2019\/07\/viber-image1-e1562244351221-300x145.jpeg 300w, https:\/\/srbijasume.rs\/ssume\/wp-content\/uploads\/2019\/07\/viber-image1-e1562244351221-768x370.jpeg 768w, https:\/\/srbijasume.rs\/ssume\/wp-content\/uploads\/2019\/07\/viber-image1-e1562244351221-1024x494.jpeg 1024w\" sizes=\"auto, (max-width: 1280px) 100vw, 1280px\" \/><\/a><\/p>\n<p>By analyzing the results, the presence of 6 fish species has been recorded in the fishing waters of the area. \u201cGolija\u201c Fishing Area is typically salmonid in terms of abiotic and biotic characteristics, so the brown trout is the most common species and frequently the only one, especially in streams and rivers at altitudes above 500 m. Flowing water bodies at altitudes below 500 m, in addition to the trout, are inhabited by the schneider\/spirlin (<em>Alburnoides bipunctatus<\/em>) and Danube barbel (<em>Barbus balcanicus<\/em>). In the Moravica there is also the common minnow (<em>Phoxinus phoxinus<\/em>), and in one part of the upper course of the Studenica also the European bullhead (<em>Cottus gobio<\/em>), as the only strictly protected species. The largest trout population is found in the upper course of the rivers Moravica, Brusni\u010dka, Brvenica and especially Studenica (average 563 pieces\/km). In other rivers, the average trout population is about 267 pieces\/km of the course.","protected":false},"excerpt":{"rendered":"<p>The boundaries of\u00a0 \u201cGolija\u201c Fishing Area lie within the boundaries of \u201cGolija\u201c Nature Park. The area of Golija is characterized by refugial character of habitats, which allows the survival of<a href=https:\/\/srbijasume.rs\/en\/ribarstvo\/rp-u-zasticenim-podrucjima\/golija\/>&#8230;<\/a><\/p>\n<p><a class=\"ssume-read-more-link\" href=\"https:\/\/srbijasume.rs\/en\/ribarstvo\/rp-u-zasticenim-podrucjima\/golija\/\">Read More&#8230;<i class=\"arrowrig fas fa-long-arrow-alt-right\"><\/i><\/a><\/p>\n","protected":false},"author":1,"featured_media":0,"parent":524,"menu_order":5,"comment_status":"closed","ping_status":"closed","template":"","meta":{"footnotes":""},"class_list":["post-816","page","type-page","status-publish","hentry"],"_links":{"self":[{"href":"https:\/\/srbijasume.rs\/en\/wp-json\/wp\/v2\/pages\/816","targetHints":{"allow":["GET"]}}],"collection":[{"href":"https:\/\/srbijasume.rs\/en\/wp-json\/wp\/v2\/pages"}],"about":[{"href":"https:\/\/srbijasume.rs\/en\/wp-json\/wp\/v2\/types\/page"}],"author":[{"embeddable":true,"href":"https:\/\/srbijasume.rs\/en\/wp-json\/wp\/v2\/users\/1"}],"replies":[{"embeddable":true,"href":"https:\/\/srbijasume.rs\/en\/wp-json\/wp\/v2\/comments?post=816"}],"version-history":[{"count":19,"href":"https:\/\/srbijasume.rs\/en\/wp-json\/wp\/v2\/pages\/816\/revisions"}],"predecessor-version":[{"id":17342,"href":"https:\/\/srbijasume.rs\/en\/wp-json\/wp\/v2\/pages\/816\/revisions\/17342"}],"up":[{"embeddable":true,"href":"https:\/\/srbijasume.rs\/en\/wp-json\/wp\/v2\/pages\/524"}],"wp:attachment":[{"href":"https:\/\/srbijasume.rs\/en\/wp-json\/wp\/v2\/media?parent=816"}],"curies":[{"name":"wp","href":"https:\/\/api.w.org\/{rel}","templated":true}]}}