{"id":810,"date":"2019-05-06T14:45:08","date_gmt":"2019-05-06T12:45:08","guid":{"rendered":"http:\/\/ssume.edejadev.com\/?page_id=810"},"modified":"2025-03-12T13:01:43","modified_gmt":"2025-03-12T12:01:43","slug":"sicevacka-klisura","status":"publish","type":"page","link":"https:\/\/srbijasume.rs\/en\/ribarstvo\/rp-u-zasticenim-podrucjima\/sicevacka-klisura\/","title":{"rendered":"Fishing Area &#8220;Si\u0107evo Gorge\u201c"},"content":{"rendered":"Si\u0107evo Gorge has been put under protection as a natural asset of great importance and classified as the Nature Park &#8220;Si\u0107evo Gorge&#8221; into the second protection category.<\/p>\n<p>The boundaries of the Si\u0107evo Gorge Nature Park coincide with the boundaries of the Si\u0107evo Gorge Fishing Area, i. e., they comprise a part of the middle course of the Ni\u0161ava River in the length of about 15 km, which is characterized by a relatively fast water flow, stony and rocky bottom, with riverbed width of up to 18 m.<\/p>\n<p>In the Ni\u0161ava River within the &#8220;Si\u0107evo Gorge&#8221; Nature Park, the presence of 6 fish species has been registered, with the dominant ones being: the Danube barbel (<em>Barbus balcanicus<\/em>), chub and schneider\/spirlin (<em>Alburnoides bipunctatus<\/em>). In December 2012, the presence of the Macedonian trout (<em>Salmo macedonicus<\/em>) was recorded for the first time.<\/p>\n<p>The waters of the Si\u0107evo Gorge Fishing Area are used for recreational fishing.<\/p>\n<p><a href=\"https:\/\/srbijasume.rs\/ssume\/wp-content\/uploads\/2019\/05\/Ribarstvo-RP-Sicevacka-klisura-1.jpg\"><img loading=\"lazy\" decoding=\"async\" class=\"size-full wp-image-1659 aligncenter\" src=\"https:\/\/srbijasume.rs\/ssume\/wp-content\/uploads\/2019\/05\/Ribarstvo-RP-Sicevacka-klisura-1.jpg\" alt=\"\" width=\"1200\" height=\"396\" srcset=\"https:\/\/srbijasume.rs\/ssume\/wp-content\/uploads\/2019\/05\/Ribarstvo-RP-Sicevacka-klisura-1.jpg 1200w, https:\/\/srbijasume.rs\/ssume\/wp-content\/uploads\/2019\/05\/Ribarstvo-RP-Sicevacka-klisura-1-300x99.jpg 300w, https:\/\/srbijasume.rs\/ssume\/wp-content\/uploads\/2019\/05\/Ribarstvo-RP-Sicevacka-klisura-1-768x253.jpg 768w, https:\/\/srbijasume.rs\/ssume\/wp-content\/uploads\/2019\/05\/Ribarstvo-RP-Sicevacka-klisura-1-1024x338.jpg 1024w\" sizes=\"auto, (max-width: 1200px) 100vw, 1200px\" \/><\/a>","protected":false},"excerpt":{"rendered":"<p>Si\u0107evo Gorge has been put under protection as a natural asset of great importance and classified as the Nature Park &#8220;Si\u0107evo Gorge&#8221; into the second protection category. The boundaries of<a href=https:\/\/srbijasume.rs\/en\/ribarstvo\/rp-u-zasticenim-podrucjima\/sicevacka-klisura\/>&#8230;<\/a><\/p>\n<p><a class=\"ssume-read-more-link\" href=\"https:\/\/srbijasume.rs\/en\/ribarstvo\/rp-u-zasticenim-podrucjima\/sicevacka-klisura\/\">Read More&#8230;<i class=\"arrowrig fas fa-long-arrow-alt-right\"><\/i><\/a><\/p>\n","protected":false},"author":1,"featured_media":0,"parent":524,"menu_order":2,"comment_status":"closed","ping_status":"closed","template":"","meta":{"footnotes":""},"class_list":["post-810","page","type-page","status-publish","hentry"],"_links":{"self":[{"href":"https:\/\/srbijasume.rs\/en\/wp-json\/wp\/v2\/pages\/810","targetHints":{"allow":["GET"]}}],"collection":[{"href":"https:\/\/srbijasume.rs\/en\/wp-json\/wp\/v2\/pages"}],"about":[{"href":"https:\/\/srbijasume.rs\/en\/wp-json\/wp\/v2\/types\/page"}],"author":[{"embeddable":true,"href":"https:\/\/srbijasume.rs\/en\/wp-json\/wp\/v2\/users\/1"}],"replies":[{"embeddable":true,"href":"https:\/\/srbijasume.rs\/en\/wp-json\/wp\/v2\/comments?post=810"}],"version-history":[{"count":24,"href":"https:\/\/srbijasume.rs\/en\/wp-json\/wp\/v2\/pages\/810\/revisions"}],"predecessor-version":[{"id":18685,"href":"https:\/\/srbijasume.rs\/en\/wp-json\/wp\/v2\/pages\/810\/revisions\/18685"}],"up":[{"embeddable":true,"href":"https:\/\/srbijasume.rs\/en\/wp-json\/wp\/v2\/pages\/524"}],"wp:attachment":[{"href":"https:\/\/srbijasume.rs\/en\/wp-json\/wp\/v2\/media?parent=810"}],"curies":[{"name":"wp","href":"https:\/\/api.w.org\/{rel}","templated":true}]}}