{"id":807,"date":"2019-05-06T14:44:24","date_gmt":"2019-05-06T12:44:24","guid":{"rendered":"http:\/\/ssume.edejadev.com\/?page_id=807"},"modified":"2022-02-03T12:06:22","modified_gmt":"2022-02-03T11:06:22","slug":"jelasnicka-klisura","status":"publish","type":"page","link":"https:\/\/srbijasume.rs\/en\/ribarstvo\/rp-u-zasticenim-podrucjima\/jelasnicka-klisura\/","title":{"rendered":"Fishing Area &#8220;Jela\u0161nica Gorge\u201c"},"content":{"rendered":"A part of the Jela\u0161nica Gorge area has been put under protection as a natural asset of exceptional significance and classified into the first protection category as the Special Nature Reserve &#8220;Jela\u0161nica Gorge&#8221;.<\/p>\n<p>Jela\u0161nica Gorge is part of the Jela\u0161nica River valley created by intense vertical cutting of its water flow into the limestone rock mass on the western slopes of Suva Planina (Dry Mountain). &#8220;Jela\u0161nica Gorge&#8221; Special Reserve is located in the Ni\u0161ava Administrative District, in the territory of the Municipality of Ni\u0161, between the villages Jela\u0161nica (north) and \u010cukljenik (south), i. e., cadastral municipalities of Jela\u0161nica and \u010cukljenik.<\/p>\n<p>The boundaries of &#8220;Jela\u0161nica Gorge&#8221; Fishing Area coincide with the boundaries of the &#8220;Jela\u0161nica Gorge&#8221; Special Nature Reserve, and the boundary line is formed merely by the course of the Jela\u0161nica River.<\/p>\n<p>The above river is a small watercourse, with very little water during the summer and autumn, of a torrential character. There are no strong springs or permanent tributaries in the gorge area. The two left tributaries are also weak, periodical, and torrential.<\/p>\n<p><strong>Due to low water capacity and protection of the first degree in the wider area, all kinds of fishing are prohibited on the Jela\u0161nica River.<\/strong><\/p>\n<p><a href=\"https:\/\/srbijasume.rs\/ssume\/wp-content\/uploads\/2019\/07\/Jelasnicka-02-SLIKA-e1562226273740.jpg\"><img loading=\"lazy\" decoding=\"async\" class=\"aligncenter size-full wp-image-6766\" src=\"https:\/\/srbijasume.rs\/ssume\/wp-content\/uploads\/2019\/07\/Jelasnicka-02-SLIKA-e1562226273740.jpg\" alt=\"\" width=\"1492\" height=\"619\" srcset=\"https:\/\/srbijasume.rs\/ssume\/wp-content\/uploads\/2019\/07\/Jelasnicka-02-SLIKA-e1562226273740.jpg 1492w, https:\/\/srbijasume.rs\/ssume\/wp-content\/uploads\/2019\/07\/Jelasnicka-02-SLIKA-e1562226273740-300x124.jpg 300w, https:\/\/srbijasume.rs\/ssume\/wp-content\/uploads\/2019\/07\/Jelasnicka-02-SLIKA-e1562226273740-768x319.jpg 768w, https:\/\/srbijasume.rs\/ssume\/wp-content\/uploads\/2019\/07\/Jelasnicka-02-SLIKA-e1562226273740-1024x425.jpg 1024w\" sizes=\"auto, (max-width: 1492px) 100vw, 1492px\" \/><\/a><\/p>\n<p>&nbsp;","protected":false},"excerpt":{"rendered":"<p>A part of the Jela\u0161nica Gorge area has been put under protection as a natural asset of exceptional significance and classified into the first protection category as the Special Nature<a href=https:\/\/srbijasume.rs\/en\/ribarstvo\/rp-u-zasticenim-podrucjima\/jelasnicka-klisura\/>&#8230;<\/a><\/p>\n<p><a class=\"ssume-read-more-link\" href=\"https:\/\/srbijasume.rs\/en\/ribarstvo\/rp-u-zasticenim-podrucjima\/jelasnicka-klisura\/\">Read More&#8230;<i class=\"arrowrig fas fa-long-arrow-alt-right\"><\/i><\/a><\/p>\n","protected":false},"author":1,"featured_media":0,"parent":524,"menu_order":1,"comment_status":"closed","ping_status":"closed","template":"","meta":{"footnotes":""},"class_list":["post-807","page","type-page","status-publish","hentry"],"_links":{"self":[{"href":"https:\/\/srbijasume.rs\/en\/wp-json\/wp\/v2\/pages\/807","targetHints":{"allow":["GET"]}}],"collection":[{"href":"https:\/\/srbijasume.rs\/en\/wp-json\/wp\/v2\/pages"}],"about":[{"href":"https:\/\/srbijasume.rs\/en\/wp-json\/wp\/v2\/types\/page"}],"author":[{"embeddable":true,"href":"https:\/\/srbijasume.rs\/en\/wp-json\/wp\/v2\/users\/1"}],"replies":[{"embeddable":true,"href":"https:\/\/srbijasume.rs\/en\/wp-json\/wp\/v2\/comments?post=807"}],"version-history":[{"count":18,"href":"https:\/\/srbijasume.rs\/en\/wp-json\/wp\/v2\/pages\/807\/revisions"}],"predecessor-version":[{"id":15416,"href":"https:\/\/srbijasume.rs\/en\/wp-json\/wp\/v2\/pages\/807\/revisions\/15416"}],"up":[{"embeddable":true,"href":"https:\/\/srbijasume.rs\/en\/wp-json\/wp\/v2\/pages\/524"}],"wp:attachment":[{"href":"https:\/\/srbijasume.rs\/en\/wp-json\/wp\/v2\/media?parent=807"}],"curies":[{"name":"wp","href":"https:\/\/api.w.org\/{rel}","templated":true}]}}