{"id":398,"date":"2019-03-29T20:42:03","date_gmt":"2019-03-29T19:42:03","guid":{"rendered":"http:\/\/ssume.test\/?page_id=398"},"modified":"2026-03-04T11:37:54","modified_gmt":"2026-03-04T10:37:54","slug":"proizvodnja-sumskog-semena-sakupljanje-i-dorada","status":"publish","type":"page","link":"https:\/\/srbijasume.rs\/en\/rasadnici\/proizvodnja-sumskog-semena-sakupljanje-i-dorada\/","title":{"rendered":"Production of Forest Seeds"},"content":{"rendered":"At Forest Management Company &#8220;Srbija\u0161ume&#8221; LLC Belgrade, for the production of high quality seedlings, seeds of high genetic worth are used, which means selected, qualified and tested seeds harvested from seed objects, as well as seeds from domestic and local provenances.<\/p>\n<p>Currently, at &#8220;Srbija\u0161ume&#8221; LLC Belgrade, 103 selected seed object are registered, of which 37 are seed objects of coniferous tree species and 66 of broadleaf tree species. Except for separating natural stands for seed objects, the Enterprise is engaged in establishing seed plantation, which is carried out artificially by planting seedlings. At present, only one seed plantation of the <em>Picea omorika<\/em> (Serbian spruce) is registered, and in the last few years three new seed plantations have been established (2 of wild cherry and 1 of field ash), which will be registered in the following period.<\/p>\n<p><a href=\"https:\/\/srbijasume.rs\/ssume\/wp-content\/uploads\/2019\/05\/Proizvodnja-sumskog-semena.jpg\"><img loading=\"lazy\" decoding=\"async\" class=\"alignleft wp-image-1606 size-full\" src=\"https:\/\/srbijasume.rs\/ssume\/wp-content\/uploads\/2019\/05\/Proizvodnja-sumskog-semena.jpg\" alt=\"\" width=\"1200\" height=\"481\" srcset=\"https:\/\/srbijasume.rs\/ssume\/wp-content\/uploads\/2019\/05\/Proizvodnja-sumskog-semena.jpg 1200w, https:\/\/srbijasume.rs\/ssume\/wp-content\/uploads\/2019\/05\/Proizvodnja-sumskog-semena-300x120.jpg 300w, https:\/\/srbijasume.rs\/ssume\/wp-content\/uploads\/2019\/05\/Proizvodnja-sumskog-semena-768x308.jpg 768w, https:\/\/srbijasume.rs\/ssume\/wp-content\/uploads\/2019\/05\/Proizvodnja-sumskog-semena-1024x410.jpg 1024w\" sizes=\"auto, (max-width: 1200px) 100vw, 1200px\" \/><\/a>Depending on the abundance of crop, phenotypic characteristics of tree species, what exactly is being collected\/harvested (cones, fruits, seeds) and terrain conditions, the forest tree seed collection\/harvest is organized and implemented in the following ways:<\/p>\n<p>1 Collecting from the ground;<\/p>\n<p>2 \u00a0Collecting from treetops of felled trees;<\/p>\n<p>3 \u00a0Collecting from standing trees &#8211; reaching from the ground;<\/p>\n<p>4 \u00a0Collecting from standing trees &#8211; climbing trees;<\/p>\n<p>5 \u00a0Collecting from bent trees.<\/p>\n<p><a href=\"https:\/\/srbijasume.rs\/ssume\/wp-content\/uploads\/2019\/05\/sakupljanje-semena.jpg\"><img loading=\"lazy\" decoding=\"async\" class=\"aligncenter wp-image-1423\" src=\"https:\/\/srbijasume.rs\/ssume\/wp-content\/uploads\/2019\/05\/sakupljanje-semena.jpg\" alt=\"\" width=\"1200\" height=\"520\" srcset=\"https:\/\/srbijasume.rs\/ssume\/wp-content\/uploads\/2019\/05\/sakupljanje-semena.jpg 1000w, https:\/\/srbijasume.rs\/ssume\/wp-content\/uploads\/2019\/05\/sakupljanje-semena-300x130.jpg 300w, https:\/\/srbijasume.rs\/ssume\/wp-content\/uploads\/2019\/05\/sakupljanje-semena-768x333.jpg 768w\" sizes=\"auto, (max-width: 1200px) 100vw, 1200px\" \/><\/a><\/p>\n<p>The processing of collected wet\/dry fruits or cones for the purpose of seed extraction is carried out by appropriate methods in the very nurseries or, to a large extent, in the modern, technically and technologically equipped\u00a0<a href=\"https:\/\/srbijasume.rs\/rasadnici\/centar-za-doradu-sumskog-semena\/\"><strong>Center for Processing of Forest Tree Seeds (Forest Seed Center) in Po\u017eega<\/strong><\/a>, which operates within FE U\u017eice. operating in the assembly FE &#8220;U\u017eice&#8221; U\u017eice.<\/p>\n<p>For the needs of production of forest planting material, as well as for the needs of artificial regeneration of forest by seeding, depending on crop abundance, an annual average of 20,000-30,000 kg of various forest tree seeds is collected at the level of &#8220;Srbija\u0161ume&#8221; LLC Belgrade.","protected":false},"excerpt":{"rendered":"<p>At Forest Management Company &#8220;Srbija\u0161ume&#8221; LLC Belgrade, for the production of high quality seedlings, seeds of high genetic worth are used, which means selected, qualified and tested seeds harvested from<a href=https:\/\/srbijasume.rs\/en\/rasadnici\/proizvodnja-sumskog-semena-sakupljanje-i-dorada\/>&#8230;<\/a><\/p>\n<p><a class=\"ssume-read-more-link\" href=\"https:\/\/srbijasume.rs\/en\/rasadnici\/proizvodnja-sumskog-semena-sakupljanje-i-dorada\/\">Read More&#8230;<i class=\"arrowrig fas fa-long-arrow-alt-right\"><\/i><\/a><\/p>\n","protected":false},"author":1,"featured_media":0,"parent":396,"menu_order":1,"comment_status":"closed","ping_status":"closed","template":"","meta":{"footnotes":""},"class_list":["post-398","page","type-page","status-publish","hentry"],"_links":{"self":[{"href":"https:\/\/srbijasume.rs\/en\/wp-json\/wp\/v2\/pages\/398","targetHints":{"allow":["GET"]}}],"collection":[{"href":"https:\/\/srbijasume.rs\/en\/wp-json\/wp\/v2\/pages"}],"about":[{"href":"https:\/\/srbijasume.rs\/en\/wp-json\/wp\/v2\/types\/page"}],"author":[{"embeddable":true,"href":"https:\/\/srbijasume.rs\/en\/wp-json\/wp\/v2\/users\/1"}],"replies":[{"embeddable":true,"href":"https:\/\/srbijasume.rs\/en\/wp-json\/wp\/v2\/comments?post=398"}],"version-history":[{"count":24,"href":"https:\/\/srbijasume.rs\/en\/wp-json\/wp\/v2\/pages\/398\/revisions"}],"predecessor-version":[{"id":20074,"href":"https:\/\/srbijasume.rs\/en\/wp-json\/wp\/v2\/pages\/398\/revisions\/20074"}],"up":[{"embeddable":true,"href":"https:\/\/srbijasume.rs\/en\/wp-json\/wp\/v2\/pages\/396"}],"wp:attachment":[{"href":"https:\/\/srbijasume.rs\/en\/wp-json\/wp\/v2\/media?parent=398"}],"curies":[{"name":"wp","href":"https:\/\/api.w.org\/{rel}","templated":true}]}}