{"id":333,"date":"2019-03-28T11:39:43","date_gmt":"2019-03-28T10:39:43","guid":{"rendered":"http:\/\/ssume.test\/?page_id=333"},"modified":"2024-11-01T14:10:20","modified_gmt":"2024-11-01T13:10:20","slug":"restoran-klub-kosutnjak","status":"publish","type":"page","link":"https:\/\/srbijasume.rs\/en\/restoran-klub-kosutnjak\/","title":{"rendered":"Restaurant &#8220;Ko\u0161utnjak Club\u201c"},"content":{"rendered":"<div class=\"post_meta\">\n<p><strong>Original Culinary Specialties in the Restaurant &#8220;Ko\u0161utnjak Club&#8221;<\/strong><\/p>\n<\/div>\n<p align=\"justify\">The &#8220;Ko\u0161utnjak Club&#8221; is certainly a location that moves the business and mondaine life of Belgrade towards the forest &#8211; a place where you will spend unforgettable moments in the beautiful and elegant atmosphere, enjoying a superb dining experience or playing a refreshing game of tennis.<\/p>\n<p align=\"justify\">The &#8220;Ko\u0161utnjak Club&#8221; is situated in a forest setting only 4 km from the city center and represents a true oasis of peace of the capital of Belgrade &#8211; a place where the city and the forest complement each other perfectly. It is an ideal place to escape from the inner city hustle and bustle and yet stay close to it.<\/p>\n<p><a href=\"https:\/\/srbijasume.rs\/ssume\/wp-content\/uploads\/2019\/05\/Restoran-Klub-Kosutnjak-2-1.jpg\"><img loading=\"lazy\" decoding=\"async\" class=\"alignleft wp-image-1619 size-full\" src=\"https:\/\/srbijasume.rs\/ssume\/wp-content\/uploads\/2019\/05\/Restoran-Klub-Kosutnjak-2-1.jpg\" alt=\"\" width=\"1600\" height=\"676\" srcset=\"https:\/\/srbijasume.rs\/ssume\/wp-content\/uploads\/2019\/05\/Restoran-Klub-Kosutnjak-2-1.jpg 1600w, https:\/\/srbijasume.rs\/ssume\/wp-content\/uploads\/2019\/05\/Restoran-Klub-Kosutnjak-2-1-300x127.jpg 300w, https:\/\/srbijasume.rs\/ssume\/wp-content\/uploads\/2019\/05\/Restoran-Klub-Kosutnjak-2-1-768x324.jpg 768w, https:\/\/srbijasume.rs\/ssume\/wp-content\/uploads\/2019\/05\/Restoran-Klub-Kosutnjak-2-1-1024x433.jpg 1024w\" sizes=\"auto, (max-width: 1600px) 100vw, 1600px\" \/><\/a><\/p>\n<p>&nbsp;<\/p>\n<p align=\"justify\">Immersed in the vast stretch of greenery of the wooded Ko\u0161utnjak and Dedinje, along with a nursery growing tens of thousands of various ornamental plants, this place also provides a unique sense of union between man and nature.<\/p>\n<p align=\"justify\">The connection between nature and a creative architectural realization of the facility&#8217;s exterior and interior space gives the Club a special charm and comfort for both the business and mondaine worlds.<\/p>\n<p align=\"justify\">Within the spatial cultural-historic entity &#8220;Top\u010dider&#8221;, the area of the Top\u010dider Valley, with the green neighborhoods of Ko\u0161utnjak, Dedinje and Kanarevo Hill rising above it, has been declared a monument of culture of great importance for the Republic of Serbia.<\/p>\n<p align=\"justify\">At the Club, the staff is welcoming and friendly and there is a varied menu. The rich culinary content has been developed through innovative recipes full of healthy ingredients. The dishes are prepared with ease and love, resulting in magical flavors.<\/p>\n<p align=\"justify\">&#8220;The &#8220;Ko\u0161utnjak Club&#8221; was built back in 1947 for the Belgrade forestry engineering needs. Since then, in its rich forestry history, it has changed its purpose. However, it has always been the meeting place of foresters and members of the scientific circles. The Club has been opened to guests since year 2000, and it operates within the General Directorate Belgrade of the State Enterprise &#8220;Srbija\u0161ume&#8221;.<\/p>\n<p><a href=\"https:\/\/srbijasume.rs\/ssume\/wp-content\/uploads\/2019\/05\/Restoran-Klub-Kosutnjak-6.jpg\"><img loading=\"lazy\" decoding=\"async\" class=\"wp-image-1621 alignleft\" src=\"https:\/\/srbijasume.rs\/ssume\/wp-content\/uploads\/2019\/05\/Restoran-Klub-Kosutnjak-6.jpg\" alt=\"\" width=\"680\" height=\"425\" srcset=\"https:\/\/srbijasume.rs\/ssume\/wp-content\/uploads\/2019\/05\/Restoran-Klub-Kosutnjak-6.jpg 720w, https:\/\/srbijasume.rs\/ssume\/wp-content\/uploads\/2019\/05\/Restoran-Klub-Kosutnjak-6-300x188.jpg 300w\" sizes=\"auto, (max-width: 680px) 100vw, 680px\" \/><\/a><\/p>\n<p><a href=\"https:\/\/srbijasume.rs\/ssume\/wp-content\/uploads\/2019\/05\/Restoran-Klub-Kosutnjak-7.jpg\"><img loading=\"lazy\" decoding=\"async\" class=\"wp-image-1622 alignnone\" src=\"https:\/\/srbijasume.rs\/ssume\/wp-content\/uploads\/2019\/05\/Restoran-Klub-Kosutnjak-7.jpg\" alt=\"\" width=\"680\" height=\"425\" srcset=\"https:\/\/srbijasume.rs\/ssume\/wp-content\/uploads\/2019\/05\/Restoran-Klub-Kosutnjak-7.jpg 720w, https:\/\/srbijasume.rs\/ssume\/wp-content\/uploads\/2019\/05\/Restoran-Klub-Kosutnjak-7-300x188.jpg 300w\" sizes=\"auto, (max-width: 680px) 100vw, 680px\" \/><\/a><\/p>\n<p align=\"justify\">So far, the Club has hosted numerous choosy guests from the business world, romantic couples, lovers of good food and drink, and lovers of wild game specialties; it has become a popular place with foreign visitors to Belgrade &#8211; curious tourists and even members of royal families; it is also well-known for organizing seminars and presentations, as well as organizing wedding celebrations and birthday parties.<\/p>\n<p align=\"justify\">At the &#8220;Ko\u0161utnjak Club&#8221;, everything is tailored to satisfied the needs of the modern and demanding guest, including car-parking space which is available in the yard.<\/p>\n<p align=\"justify\">The Restaurant &#8220;Ko\u0161utnjak Club&#8221;, which is a symbol of Belgrade forestry, will welcome you with open arms, offering a menu that guarantees an opportunity to enjoy culinary arts, provided at reasonable prices.<\/p>\n<p align=\"justify\"><strong>Feel the pulse of the city at the &#8220;Ko\u0161utnjak Club&#8221;!<\/strong><\/p>\n<p><strong>Address of the &#8220;Ko\u0161utnjak Club&#8221;: No 1, <a href=\"https:\/\/www.google.com\/maps\/place\/%D0%9A%D0%BB%D1%83%D0%B1+%D0%9A%D0%BE%D1%88%D1%83%D1%82%D1%9A%D0%B0%D0%BA\/@44.7565921,20.4468375,17z\/data=!4m13!1m7!3m6!1s0x475a71ba4f912a59:0x685b08ab21d36e72!2z0J_QtdGA0LUg0JLQtdC70LjQvNC40YDQvtCy0LjRm9CwIDEsINCR0LXQvtCz0YDQsNC0IDE4MDcxOQ!3b1!8m2!3d44.7565921!4d20.4490262!3m4!1s0x475a71ba010a0fd9:0xb2d11145902136c7!8m2!3d44.7584486!4d20.4480739\">Pera Velimirovi\u0107 Street,<\/a><\/strong><\/p>\n<p><strong>Hours<br \/>\n<\/strong><\/p>\n<p>Monday: Closed<\/p>\n<p>Tuesday &#8211; Sunday: 12 AM &#8211; 10 PM<\/p>\n<p><strong>Contact phone: +381 11 26 61 344, +381 64 815 5098 (\u0110uro Ka\u010davenda).<\/strong><\/p>\n<p><strong>E-mail: <a href=\"mailto:klubkosutnjak@srbijasume.rs\">klubkosutnjak@srbijasume.rs<\/a><\/strong><\/p>\n<p><a href=\"https:\/\/srbijasume.rs\/ssume\/wp-content\/uploads\/2019\/05\/Restoran-Klub-Kosutnjak-4.jpg\"><img loading=\"lazy\" decoding=\"async\" class=\"alignleft wp-image-1629 \" src=\"https:\/\/srbijasume.rs\/ssume\/wp-content\/uploads\/2019\/05\/Restoran-Klub-Kosutnjak-4.jpg\" alt=\"\" width=\"680\" height=\"425\" srcset=\"https:\/\/srbijasume.rs\/ssume\/wp-content\/uploads\/2019\/05\/Restoran-Klub-Kosutnjak-4.jpg 720w, https:\/\/srbijasume.rs\/ssume\/wp-content\/uploads\/2019\/05\/Restoran-Klub-Kosutnjak-4-300x188.jpg 300w\" sizes=\"auto, (max-width: 680px) 100vw, 680px\" \/><\/a><\/p>\n<p><a href=\"https:\/\/srbijasume.rs\/ssume\/wp-content\/uploads\/2019\/05\/Restoran-Klub-Kosutnjak-3.jpg\"><img loading=\"lazy\" decoding=\"async\" class=\"alignleft wp-image-1628 \" src=\"https:\/\/srbijasume.rs\/ssume\/wp-content\/uploads\/2019\/05\/Restoran-Klub-Kosutnjak-3.jpg\" alt=\"\" width=\"680\" height=\"425\" srcset=\"https:\/\/srbijasume.rs\/ssume\/wp-content\/uploads\/2019\/05\/Restoran-Klub-Kosutnjak-3.jpg 720w, https:\/\/srbijasume.rs\/ssume\/wp-content\/uploads\/2019\/05\/Restoran-Klub-Kosutnjak-3-300x188.jpg 300w\" sizes=\"auto, (max-width: 680px) 100vw, 680px\" \/><\/a>","protected":false},"excerpt":{"rendered":"<p>Original Culinary Specialties in the Restaurant &#8220;Ko\u0161utnjak Club&#8221; The &#8220;Ko\u0161utnjak Club&#8221; is certainly a location that moves the business and mondaine life of Belgrade towards the forest &#8211; a place<a href=https:\/\/srbijasume.rs\/en\/restoran-klub-kosutnjak\/>&#8230;<\/a><\/p>\n<p><a class=\"ssume-read-more-link\" href=\"https:\/\/srbijasume.rs\/en\/restoran-klub-kosutnjak\/\">Read More&#8230;<i class=\"arrowrig fas fa-long-arrow-alt-right\"><\/i><\/a><\/p>\n","protected":false},"author":1,"featured_media":0,"parent":0,"menu_order":0,"comment_status":"closed","ping_status":"closed","template":"page-templates\/no-sidebarpage.php","meta":{"footnotes":""},"class_list":["post-333","page","type-page","status-publish","hentry"],"_links":{"self":[{"href":"https:\/\/srbijasume.rs\/en\/wp-json\/wp\/v2\/pages\/333","targetHints":{"allow":["GET"]}}],"collection":[{"href":"https:\/\/srbijasume.rs\/en\/wp-json\/wp\/v2\/pages"}],"about":[{"href":"https:\/\/srbijasume.rs\/en\/wp-json\/wp\/v2\/types\/page"}],"author":[{"embeddable":true,"href":"https:\/\/srbijasume.rs\/en\/wp-json\/wp\/v2\/users\/1"}],"replies":[{"embeddable":true,"href":"https:\/\/srbijasume.rs\/en\/wp-json\/wp\/v2\/comments?post=333"}],"version-history":[{"count":26,"href":"https:\/\/srbijasume.rs\/en\/wp-json\/wp\/v2\/pages\/333\/revisions"}],"predecessor-version":[{"id":18346,"href":"https:\/\/srbijasume.rs\/en\/wp-json\/wp\/v2\/pages\/333\/revisions\/18346"}],"wp:attachment":[{"href":"https:\/\/srbijasume.rs\/en\/wp-json\/wp\/v2\/media?parent=333"}],"curies":[{"name":"wp","href":"https:\/\/api.w.org\/{rel}","templated":true}]}}