{"id":257,"date":"2019-03-28T10:21:10","date_gmt":"2019-03-28T09:21:10","guid":{"rendered":"http:\/\/ssume.test\/?page_id=257"},"modified":"2026-03-03T15:28:34","modified_gmt":"2026-03-03T14:28:34","slug":"ribarsko-podrucje-mlava","status":"publish","type":"page","link":"https:\/\/srbijasume.rs\/en\/ribarstvo\/ribarsko-podrucje-mlava\/","title":{"rendered":"Fishing Area &#8220;Mlava&#8221;"},"content":{"rendered":"Fishing Area \u201cMlava\u201c extends across the fishing waters of:<\/p>\n<p>the Danube (from the confluence of the Nera and the Danube at 1,075 rkm to the border of \u0110erdap National Park at 1,040 rkm), the Pek, Mlava and Resava Rivers, and all other tributaries of the said rivers and other natural or artificial fishing waters within the boundaries of the fishing area, except for fishing waters within the boundaries of the protected areas.<\/p>\n<p>The boundary of the fishing area starts from the confluence of the Velika Morava into the Danube and goes eastwards along the right bank of the Danube to the confluence with the Nera, then continues along the state border to the administrative border of Kladovo Municipality and continues southwards along the eastern administrative borders of the municipalities of Majdanpek, \u017dagubica and Despotovac. The border goes farther to the west along the southern boundaries of the municipalities of Despotovac and Svilajnac, up to the Velika Morava and farther along its right bank up to the starting point.<\/p>\n<p>\u201cMlava\u201c Fishing Area extends across the territories of the following local self-government units: the town of Po\u017earevac and the municipalities of: Veliko Gradi\u0161te, Golubac, Malo Crni\u0107e, Ku\u010devo, Majdanpek, \u017dabari, Petrovac, \u017dagubica, Svilajnac and Despotovac.<\/p>\n<p>\u201cMlava\u201c Fishing Area is used for recreational fishing, with the exception of the Danube fishing waters which can also be used for commercial fishing.<\/p>\n<p><a href=\"https:\/\/srbijasume.rs\/ssume\/wp-content\/uploads\/2019\/07\/IMG_20170716_175526_1-e1562225008877.jpg\"><img loading=\"lazy\" decoding=\"async\" class=\"size-full wp-image-6764\" src=\"https:\/\/srbijasume.rs\/ssume\/wp-content\/uploads\/2019\/07\/IMG_20170716_175526_1-e1562225008877.jpg\" alt=\"\" width=\"4159\" height=\"1466\" srcset=\"https:\/\/srbijasume.rs\/ssume\/wp-content\/uploads\/2019\/07\/IMG_20170716_175526_1-e1562225008877.jpg 4159w, https:\/\/srbijasume.rs\/ssume\/wp-content\/uploads\/2019\/07\/IMG_20170716_175526_1-e1562225008877-300x106.jpg 300w, https:\/\/srbijasume.rs\/ssume\/wp-content\/uploads\/2019\/07\/IMG_20170716_175526_1-e1562225008877-768x271.jpg 768w, https:\/\/srbijasume.rs\/ssume\/wp-content\/uploads\/2019\/07\/IMG_20170716_175526_1-e1562225008877-1024x361.jpg 1024w\" sizes=\"auto, (max-width: 4159px) 100vw, 4159px\" \/><\/a>","protected":false},"excerpt":{"rendered":"<p>Fishing Area \u201cMlava\u201c extends across the fishing waters of: the Danube (from the confluence of the Nera and the Danube at 1,075 rkm to the border of \u0110erdap National Park<a href=https:\/\/srbijasume.rs\/en\/ribarstvo\/ribarsko-podrucje-mlava\/>&#8230;<\/a><\/p>\n<p><a class=\"ssume-read-more-link\" href=\"https:\/\/srbijasume.rs\/en\/ribarstvo\/ribarsko-podrucje-mlava\/\">Read More&#8230;<i class=\"arrowrig fas fa-long-arrow-alt-right\"><\/i><\/a><\/p>\n","protected":false},"author":1,"featured_media":0,"parent":417,"menu_order":4,"comment_status":"closed","ping_status":"closed","template":"","meta":{"footnotes":""},"class_list":["post-257","page","type-page","status-publish","hentry"],"_links":{"self":[{"href":"https:\/\/srbijasume.rs\/en\/wp-json\/wp\/v2\/pages\/257","targetHints":{"allow":["GET"]}}],"collection":[{"href":"https:\/\/srbijasume.rs\/en\/wp-json\/wp\/v2\/pages"}],"about":[{"href":"https:\/\/srbijasume.rs\/en\/wp-json\/wp\/v2\/types\/page"}],"author":[{"embeddable":true,"href":"https:\/\/srbijasume.rs\/en\/wp-json\/wp\/v2\/users\/1"}],"replies":[{"embeddable":true,"href":"https:\/\/srbijasume.rs\/en\/wp-json\/wp\/v2\/comments?post=257"}],"version-history":[{"count":26,"href":"https:\/\/srbijasume.rs\/en\/wp-json\/wp\/v2\/pages\/257\/revisions"}],"predecessor-version":[{"id":20049,"href":"https:\/\/srbijasume.rs\/en\/wp-json\/wp\/v2\/pages\/257\/revisions\/20049"}],"up":[{"embeddable":true,"href":"https:\/\/srbijasume.rs\/en\/wp-json\/wp\/v2\/pages\/417"}],"wp:attachment":[{"href":"https:\/\/srbijasume.rs\/en\/wp-json\/wp\/v2\/media?parent=257"}],"curies":[{"name":"wp","href":"https:\/\/api.w.org\/{rel}","templated":true}]}}