{"id":255,"date":"2019-03-28T10:20:45","date_gmt":"2019-03-28T09:20:45","guid":{"rendered":"http:\/\/ssume.test\/?page_id=255"},"modified":"2026-03-03T15:27:57","modified_gmt":"2026-03-03T14:27:57","slug":"ribarsko-podrucje-dunav","status":"publish","type":"page","link":"https:\/\/srbijasume.rs\/en\/ribarstvo\/ribarsko-podrucje-dunav\/","title":{"rendered":"Fishing Area &#8220;Danube&#8221;"},"content":{"rendered":"Fishing Area \u201cDanube\u201c has been established on the fishing waters of :<\/p>\n<p>the Danube from the border of \u201c\u0110erdap\u201d National Park (940 rkm) to the confluence with the Timok (845 rkm) and all other tributaries of the said river, and other natural or artificial fishing waters within the boundaries of the fishing area, except for fishing waters within the boundaries of protected areas.<\/p>\n<p>\u201cDanube\u201c Fishing Area covers the territories of the municipalities of Kladovo, Negotin and Bor. This fishing area is used for commercial and recreational fishing, namely, the Danube fishing waters are used for both commercial and recreational fishing, and other fishing waters for recreational fishing only.<\/p>\n<p>SE &#8220;Srbija\u0161ume&#8221;, through the Forestry Estate &#8220;Timo\u010dke \u0161ume&#8221; &#8211; Boljevac, as the user of fishing waters of the \u201cDanube\u201c Fishing Area, has undertaken the obligation to control, protect and sustainably use the fish stocks.<\/p>\n<p>Major fishing waters of the area are:<\/p>\n<ul>\n<li>the Danube River (940 \u2013 845 rkm) with tributaries; on the part of the Danube between the two dams (\u0110erdap I and \u0110erdap II) the water flow becomes slower and represents a large man-made reservoir; the part of the Danube below the \u0110erdap II Dam has the rheophilic characteristics of the middle course of the Danube;<\/li>\n<li>Bor Lake with tributaries and<\/li>\n<li>the Zlotska River.<\/li>\n<\/ul>\n<p>The main feature of the ichthyofauna of the \u201cDanube\u201d Fishing Area is its high diversity and high level of autochthony.<\/p>\n<p><a href=\"https:\/\/srbijasume.rs\/ssume\/wp-content\/uploads\/2019\/05\/Ribarstvo-RP-Dunav-1.jpg\"><img loading=\"lazy\" decoding=\"async\" class=\"size-full wp-image-1641 aligncenter\" src=\"https:\/\/srbijasume.rs\/ssume\/wp-content\/uploads\/2019\/05\/Ribarstvo-RP-Dunav-1.jpg\" alt=\"\" width=\"1200\" height=\"408\" srcset=\"https:\/\/srbijasume.rs\/ssume\/wp-content\/uploads\/2019\/05\/Ribarstvo-RP-Dunav-1.jpg 1200w, https:\/\/srbijasume.rs\/ssume\/wp-content\/uploads\/2019\/05\/Ribarstvo-RP-Dunav-1-300x102.jpg 300w, https:\/\/srbijasume.rs\/ssume\/wp-content\/uploads\/2019\/05\/Ribarstvo-RP-Dunav-1-768x261.jpg 768w, https:\/\/srbijasume.rs\/ssume\/wp-content\/uploads\/2019\/05\/Ribarstvo-RP-Dunav-1-1024x348.jpg 1024w\" sizes=\"auto, (max-width: 1200px) 100vw, 1200px\" \/><\/a><\/p>\n<p>&nbsp;<\/p>\n<p><a href=\"https:\/\/srbijasume.rs\/ssume\/wp-content\/uploads\/2019\/05\/Ribarstvo-RP-Dunav-3.jpg\"><img loading=\"lazy\" decoding=\"async\" class=\"size-full wp-image-1643 aligncenter\" src=\"https:\/\/srbijasume.rs\/ssume\/wp-content\/uploads\/2019\/05\/Ribarstvo-RP-Dunav-3.jpg\" alt=\"\" width=\"650\" height=\"537\" srcset=\"https:\/\/srbijasume.rs\/ssume\/wp-content\/uploads\/2019\/05\/Ribarstvo-RP-Dunav-3.jpg 650w, https:\/\/srbijasume.rs\/ssume\/wp-content\/uploads\/2019\/05\/Ribarstvo-RP-Dunav-3-300x248.jpg 300w\" sizes=\"auto, (max-width: 650px) 100vw, 650px\" \/><\/a>","protected":false},"excerpt":{"rendered":"<p>Fishing Area \u201cDanube\u201c has been established on the fishing waters of : the Danube from the border of \u201c\u0110erdap\u201d National Park (940 rkm) to the confluence with the Timok (845<a href=https:\/\/srbijasume.rs\/en\/ribarstvo\/ribarsko-podrucje-dunav\/>&#8230;<\/a><\/p>\n<p><a class=\"ssume-read-more-link\" href=\"https:\/\/srbijasume.rs\/en\/ribarstvo\/ribarsko-podrucje-dunav\/\">Read More&#8230;<i class=\"arrowrig fas fa-long-arrow-alt-right\"><\/i><\/a><\/p>\n","protected":false},"author":1,"featured_media":0,"parent":417,"menu_order":3,"comment_status":"closed","ping_status":"closed","template":"","meta":{"footnotes":""},"class_list":["post-255","page","type-page","status-publish","hentry"],"_links":{"self":[{"href":"https:\/\/srbijasume.rs\/en\/wp-json\/wp\/v2\/pages\/255","targetHints":{"allow":["GET"]}}],"collection":[{"href":"https:\/\/srbijasume.rs\/en\/wp-json\/wp\/v2\/pages"}],"about":[{"href":"https:\/\/srbijasume.rs\/en\/wp-json\/wp\/v2\/types\/page"}],"author":[{"embeddable":true,"href":"https:\/\/srbijasume.rs\/en\/wp-json\/wp\/v2\/users\/1"}],"replies":[{"embeddable":true,"href":"https:\/\/srbijasume.rs\/en\/wp-json\/wp\/v2\/comments?post=255"}],"version-history":[{"count":56,"href":"https:\/\/srbijasume.rs\/en\/wp-json\/wp\/v2\/pages\/255\/revisions"}],"predecessor-version":[{"id":20048,"href":"https:\/\/srbijasume.rs\/en\/wp-json\/wp\/v2\/pages\/255\/revisions\/20048"}],"up":[{"embeddable":true,"href":"https:\/\/srbijasume.rs\/en\/wp-json\/wp\/v2\/pages\/417"}],"wp:attachment":[{"href":"https:\/\/srbijasume.rs\/en\/wp-json\/wp\/v2\/media?parent=255"}],"curies":[{"name":"wp","href":"https:\/\/api.w.org\/{rel}","templated":true}]}}