{"id":235,"date":"2019-03-28T10:11:00","date_gmt":"2019-03-28T09:11:00","guid":{"rendered":"http:\/\/ssume.test\/?page_id=235"},"modified":"2026-02-20T15:40:02","modified_gmt":"2026-02-20T14:40:02","slug":"rasadnici-hortikulturnih-sadnica","status":"publish","type":"page","link":"https:\/\/srbijasume.rs\/en\/rasadnici\/proizvodnja-sadnog-materijala\/rasadnici-hortikulturnih-sadnica\/","title":{"rendered":"Horticultural Seedling Nurseries"},"content":{"rendered":"<a href=\"https:\/\/srbijasume.rs\/ssume\/wp-content\/uploads\/2019\/05\/Rasadnici-ukrasnih-sadnica-8.jpg\"><img loading=\"lazy\" decoding=\"async\" class=\"alignleft wp-image-1610 size-full\" src=\"https:\/\/srbijasume.rs\/ssume\/wp-content\/uploads\/2019\/05\/Rasadnici-ukrasnih-sadnica-8.jpg\" alt=\"\" width=\"1200\" height=\"513\" srcset=\"https:\/\/srbijasume.rs\/ssume\/wp-content\/uploads\/2019\/05\/Rasadnici-ukrasnih-sadnica-8.jpg 1200w, https:\/\/srbijasume.rs\/ssume\/wp-content\/uploads\/2019\/05\/Rasadnici-ukrasnih-sadnica-8-300x128.jpg 300w, https:\/\/srbijasume.rs\/ssume\/wp-content\/uploads\/2019\/05\/Rasadnici-ukrasnih-sadnica-8-768x328.jpg 768w, https:\/\/srbijasume.rs\/ssume\/wp-content\/uploads\/2019\/05\/Rasadnici-ukrasnih-sadnica-8-1024x438.jpg 1024w\" sizes=\"auto, (max-width: 1200px) 100vw, 1200px\" \/><\/a><\/p>\n<p>&nbsp;<\/p>\n<p>Within the Work Unit for Landscaping &amp; Nursery Production, which operates within FE \u201dBelgrade\u201d Belgrade, the production is organized in 6 registered nurseries:<br \/>\n<div class=\"panel-group newcolcs\" id=\"custom-collapse-1\">\n<div class=\"panel panel-default topcider\">\n\t\t\t\t<div class=\"panel-heading\">\n\t\t\t\t\t<h4 class=\"panel-title\">\n\t\t\t\t\t\t<a class=\"collapsed\" data-toggle=\"collapse\" data-parent=\"#custom-collapse-1\" href=\"#custom-collapse-1-6\"><strong>Top\u010dider Nursery <\/strong><\/a>\n\t\t\t\t\t<\/h4>\n\t\t\t\t<\/div>\n\t\t\t\t<div id=\"custom-collapse-1-6\" class=\"panel-collapse collapse\">\n\t\t\t\t\t<div class=\"panel-body\">\n<p>Top\u010dider Nursery is located within Management Unit (MU) &#8220;Ko\u0161utnjak&#8221;, at No. 5, Patrijarha Pavla Street, at an altitude of 150-180 m, on a flat terrain without elevations. The production area of \u200b\u200bthe nursery is 4.92 ha. The nursery produces horticultural (ornamental) broadleaf, conifer and evergreen trees and shrubs. It disposes of 35,000 horticultural seedlings. Annual production is up to 25,000 horticultural seedlings.<\/p>\n<p>Patrijarha Pavla 5<\/p>\n<p>Tel. No.: +381 11 266 36 26<\/p>\n<p>E-mail: <a href=\"mailto:rastopcider@srbijasume-sgbgd.co.rs\">rastopcider@srbijasume-sgbgd.co.rs<\/a><\/p>\n<\/div>\n\t\t\t\t<\/div>\n\t\t\t<\/div>\n<div class=\"panel panel-default sremcica\">\n\t\t\t\t<div class=\"panel-heading\">\n\t\t\t\t\t<h4 class=\"panel-title\">\n\t\t\t\t\t\t<a class=\"collapsed\" data-toggle=\"collapse\" data-parent=\"#custom-collapse-1\" href=\"#custom-collapse-1-7\"><strong>Srem\u010dica Nursery<\/strong><\/a>\n\t\t\t\t\t<\/h4>\n\t\t\t\t<\/div>\n\t\t\t\t<div id=\"custom-collapse-1-7\" class=\"panel-collapse collapse\">\n\t\t\t\t\t<div class=\"panel-body\">\n<p>Srem\u010dica Nursery is located in the settlement of Srem\u010dica within MU \u201cLipovica\u201d, beside the asphalt road Srem\u010dica &#8211; Velika Mo\u0161tanica, at an altitude of 150-170 m, on a slightly sloped terrain. The production area of \u200b\u200bthe nursery is 22.51 ha. The nursery produces horticultural (ornamental) broadleaf, conifer and evergreen trees and shrubs, as well as forest seedlings. It disposes of 110,000 horticultural seedlings. Annual production is up to 200,000 forest seedlings and about 10,000 horticultural seedlings.<\/p>\n<p>9. Nova br. 6, Srem\u010dica<\/p>\n<p>Tel. No.: +381 11 252 61 63; +381 11 252 60 94<\/p>\n<p>E-mail: <a href=\"mailto:rassremcica@srbijasume-sgbgd.co.rs\">rassremcica@srbijasume-sgbgd.co.rs<\/a><br \/>\n<\/div>\n\t\t\t\t<\/div>\n\t\t\t<\/div>\n<div class=\"panel panel-default ripanj\">\n\t\t\t\t<div class=\"panel-heading\">\n\t\t\t\t\t<h4 class=\"panel-title\">\n\t\t\t\t\t\t<a class=\"collapsed\" data-toggle=\"collapse\" data-parent=\"#custom-collapse-1\" href=\"#custom-collapse-1-8\"><strong>Ripanj Nursery<\/strong><\/a>\n\t\t\t\t\t<\/h4>\n\t\t\t\t<\/div>\n\t\t\t\t<div id=\"custom-collapse-1-8\" class=\"panel-collapse collapse\">\n\t\t\t\t\t<div class=\"panel-body\">\n<p>Ripanj Nursery is located within MU &#8220;Avala&#8221;, beside the old Kragujevac Road, at an altitude of 230-250 m, on a mildly sloped terrain. The production area of \u200b\u200bthe nursery is 8.12 ha. The nursery produces horticultural (ornamental) broadleaf, conifer and evergreen trees and shrubs. It disposes of 20,000 horticultural seedlings. Annual production is 2,000-3.000 horticultural seedlings.<\/p>\n<p>Kragujeva\u010dki put 30, Ripanj<\/p>\n<p>Tel. No.: +381 11 746 45 67, +381 64 856 31 56<\/p>\n<\/div>\n\t\t\t\t<\/div>\n\t\t\t<\/div>\n<div class=\"panel panel-default zuce\">\n\t\t\t\t<div class=\"panel-heading\">\n\t\t\t\t\t<h4 class=\"panel-title\">\n\t\t\t\t\t\t<a class=\"collapsed\" data-toggle=\"collapse\" data-parent=\"#custom-collapse-1\" href=\"#custom-collapse-1-9\"><strong>Zuce Nursery<\/strong><\/a>\n\t\t\t\t\t<\/h4>\n\t\t\t\t<\/div>\n\t\t\t\t<div id=\"custom-collapse-1-9\" class=\"panel-collapse collapse\">\n\t\t\t\t\t<div class=\"panel-body\">\n<p>Zuce Nursery is located within MU &#8220;Avala&#8221;, along the asphalt road to the village of Zuce, at an altitude of 230-250 m, on a mildly sloped terrain. The production area of \u200b\u200bthe nursery is 9.00 ha. The nursery produces horticultural (ornamental) broadleaf, conifer and evergreen trees and shrubs. It disposes of 35,000 horticultural seedlings. Annual production is 3,000-5.000 horticultural seedlings.<\/p>\n<p>Prva Nova 80, Zuce<\/p>\n<p>Tel. No.: +381 64 815 50 96<br \/>\n<\/div>\n\t\t\t\t<\/div>\n\t\t\t<\/div>\n<div class=\"panel panel-default avala\">\n\t\t\t\t<div class=\"panel-heading\">\n\t\t\t\t\t<h4 class=\"panel-title\">\n\t\t\t\t\t\t<a class=\"collapsed\" data-toggle=\"collapse\" data-parent=\"#custom-collapse-1\" href=\"#custom-collapse-1-10\"><strong>Avala Nursery<\/strong><\/a>\n\t\t\t\t\t<\/h4>\n\t\t\t\t<\/div>\n\t\t\t\t<div id=\"custom-collapse-1-10\" class=\"panel-collapse collapse\">\n\t\t\t\t\t<div class=\"panel-body\">\n<p>Avala Nursery is located within MU &#8220;Avala&#8221;, along Avala Road, at an altitude of 300 m, on a mildly sloped terrain. The production area of \u200b\u200bthe nursery is 0.7 ha. The nursery produces horticultural (ornamental) broadleaf, conifer and evergreen trees and shrubs.<\/p>\n<\/div>\n\t\t\t\t<\/div>\n\t\t\t<\/div>\n<div class=\"panel panel-default kosutnjak\">\n\t\t\t\t<div class=\"panel-heading\">\n\t\t\t\t\t<h4 class=\"panel-title\">\n\t\t\t\t\t\t<a class=\"collapsed\" data-toggle=\"collapse\" data-parent=\"#custom-collapse-1\" href=\"#custom-collapse-1-11\"><strong>Ko\u0161utnjak Nursery<\/strong><\/a>\n\t\t\t\t\t<\/h4>\n\t\t\t\t<\/div>\n\t\t\t\t<div id=\"custom-collapse-1-11\" class=\"panel-collapse collapse\">\n\t\t\t\t\t<div class=\"panel-body\">\n<p>Ko\u0161utnjak Nursery is located within MU &#8220;Ko\u0161utnjak&#8221;, at No. 1, Pere Velimirovi\u0107a Street, at an altitude of 150-180 m, on a flat terrain. The production area of \u200b\u200bthe nursery is 1.87 ha. The nursery disposes of 3,000 horticultural seedlings of off-standard size.<\/p>\n<\/div>\n\t\t\t\t<\/div>\n\t\t\t<\/div>\n<\/div>\n<p><a href=\"https:\/\/srbijasume.rs\/ssume\/wp-content\/uploads\/2019\/06\/IMG_1590-e1559714333698.jpg\"><img loading=\"lazy\" decoding=\"async\" class=\"aligncenter size-full wp-image-4491\" src=\"https:\/\/srbijasume.rs\/ssume\/wp-content\/uploads\/2019\/06\/IMG_1590-e1559714333698.jpg\" alt=\"\" width=\"3648\" height=\"1586\" srcset=\"https:\/\/srbijasume.rs\/ssume\/wp-content\/uploads\/2019\/06\/IMG_1590-e1559714333698.jpg 3648w, https:\/\/srbijasume.rs\/ssume\/wp-content\/uploads\/2019\/06\/IMG_1590-e1559714333698-300x130.jpg 300w, https:\/\/srbijasume.rs\/ssume\/wp-content\/uploads\/2019\/06\/IMG_1590-e1559714333698-768x334.jpg 768w, https:\/\/srbijasume.rs\/ssume\/wp-content\/uploads\/2019\/06\/IMG_1590-e1559714333698-1024x445.jpg 1024w\" sizes=\"auto, (max-width: 3648px) 100vw, 3648px\" \/><\/a><\/p>\n<p><a href=\"https:\/\/srbijasume.rs\/ssume\/wp-content\/uploads\/2019\/06\/IMG_1564-e1560144323366.jpg\"><img loading=\"lazy\" decoding=\"async\" class=\"aligncenter size-full wp-image-4911\" src=\"https:\/\/srbijasume.rs\/ssume\/wp-content\/uploads\/2019\/06\/IMG_1564-e1560144323366.jpg\" alt=\"\" width=\"3638\" height=\"1700\" srcset=\"https:\/\/srbijasume.rs\/ssume\/wp-content\/uploads\/2019\/06\/IMG_1564-e1560144323366.jpg 3638w, https:\/\/srbijasume.rs\/ssume\/wp-content\/uploads\/2019\/06\/IMG_1564-e1560144323366-300x140.jpg 300w, https:\/\/srbijasume.rs\/ssume\/wp-content\/uploads\/2019\/06\/IMG_1564-e1560144323366-768x359.jpg 768w, https:\/\/srbijasume.rs\/ssume\/wp-content\/uploads\/2019\/06\/IMG_1564-e1560144323366-1024x479.jpg 1024w\" sizes=\"auto, (max-width: 3638px) 100vw, 3638px\" \/><\/a><\/p>\n<p><a href=\"https:\/\/srbijasume.rs\/ssume\/wp-content\/uploads\/2019\/05\/Rasadnici-ukrasnih-sadnica-1-3.jpg\"><img loading=\"lazy\" decoding=\"async\" class=\"alignleft size-full wp-image-1614\" src=\"https:\/\/srbijasume.rs\/ssume\/wp-content\/uploads\/2019\/05\/Rasadnici-ukrasnih-sadnica-1-3.jpg\" alt=\"\" width=\"1200\" height=\"395\" srcset=\"https:\/\/srbijasume.rs\/ssume\/wp-content\/uploads\/2019\/05\/Rasadnici-ukrasnih-sadnica-1-3.jpg 1200w, https:\/\/srbijasume.rs\/ssume\/wp-content\/uploads\/2019\/05\/Rasadnici-ukrasnih-sadnica-1-3-300x99.jpg 300w, https:\/\/srbijasume.rs\/ssume\/wp-content\/uploads\/2019\/05\/Rasadnici-ukrasnih-sadnica-1-3-768x253.jpg 768w, https:\/\/srbijasume.rs\/ssume\/wp-content\/uploads\/2019\/05\/Rasadnici-ukrasnih-sadnica-1-3-1024x337.jpg 1024w\" sizes=\"auto, (max-width: 1200px) 100vw, 1200px\" \/><\/a><\/p>\n<p>&nbsp;<\/p>\n<p>&nbsp;","protected":false},"excerpt":{"rendered":"<p>&nbsp; Within the Work Unit for Landscaping &amp; Nursery Production, which operates within FE \u201dBelgrade\u201d Belgrade, the production is organized in 6 registered nurseries: &nbsp; &nbsp;<a href=https:\/\/srbijasume.rs\/en\/rasadnici\/proizvodnja-sadnog-materijala\/rasadnici-hortikulturnih-sadnica\/>&#8230;<\/a><\/p>\n<p><a class=\"ssume-read-more-link\" href=\"https:\/\/srbijasume.rs\/en\/rasadnici\/proizvodnja-sadnog-materijala\/rasadnici-hortikulturnih-sadnica\/\">Read More&#8230;<i class=\"arrowrig fas fa-long-arrow-alt-right\"><\/i><\/a><\/p>\n","protected":false},"author":1,"featured_media":0,"parent":400,"menu_order":2,"comment_status":"closed","ping_status":"closed","template":"page-templates\/collaps.php","meta":{"footnotes":""},"class_list":["post-235","page","type-page","status-publish","hentry"],"_links":{"self":[{"href":"https:\/\/srbijasume.rs\/en\/wp-json\/wp\/v2\/pages\/235","targetHints":{"allow":["GET"]}}],"collection":[{"href":"https:\/\/srbijasume.rs\/en\/wp-json\/wp\/v2\/pages"}],"about":[{"href":"https:\/\/srbijasume.rs\/en\/wp-json\/wp\/v2\/types\/page"}],"author":[{"embeddable":true,"href":"https:\/\/srbijasume.rs\/en\/wp-json\/wp\/v2\/users\/1"}],"replies":[{"embeddable":true,"href":"https:\/\/srbijasume.rs\/en\/wp-json\/wp\/v2\/comments?post=235"}],"version-history":[{"count":30,"href":"https:\/\/srbijasume.rs\/en\/wp-json\/wp\/v2\/pages\/235\/revisions"}],"predecessor-version":[{"id":18323,"href":"https:\/\/srbijasume.rs\/en\/wp-json\/wp\/v2\/pages\/235\/revisions\/18323"}],"up":[{"embeddable":true,"href":"https:\/\/srbijasume.rs\/en\/wp-json\/wp\/v2\/pages\/400"}],"wp:attachment":[{"href":"https:\/\/srbijasume.rs\/en\/wp-json\/wp\/v2\/media?parent=235"}],"curies":[{"name":"wp","href":"https:\/\/api.w.org\/{rel}","templated":true}]}}