{"id":1211,"date":"2019-05-15T15:13:02","date_gmt":"2019-05-15T13:13:02","guid":{"rendered":"http:\/\/ssume.edejadev.com\/?page_id=1211"},"modified":"2022-02-23T14:43:18","modified_gmt":"2022-02-23T13:43:18","slug":"prozvodnja-i-ugradnja-drvene-gradje-i-oblica","status":"publish","type":"page","link":"https:\/\/srbijasume.rs\/en\/nasi-proizvodi\/prozvodnja-i-ugradnja-drvene-gradje-i-oblica\/","title":{"rendered":"Manufacturing &#038; Installation of Wooden Accessories"},"content":{"rendered":"<p align=\"justify\">An integral part of SE &#8220;Srbija\u0161ume&#8221; is also the Forest Estate &#8220;U\u017eice&#8221; and its Work Unit &#8220;Wood Processing&#8221;. The core activity of this Work Unit is the production and installation of wood accessories (tables and benches for gardens and parks, flower pots and boxes, seesaws, swings, fences, information board) but it is primarily known for pine roundwood production. Roundwood is obtained from the processing of thin pine provided by thinning cuts and is manufactured in diameters from 6 cm to 20 cm. It has great practical value because it can be used for the manufacture of wooden products, as well as semi-round wood for coating of buildings or the construction of wooden buildings.<\/p>\n<p align=\"justify\">Work Unit &#8220;Wood Processing&#8221; disposes of two workshops, the first of which is situated in Kremna, 35 km away from U\u017eice, in the direction to Vi\u0161egrad, and the second one is situated in Kaona, 18 km away from Kosjeri\u0107, on the road to Valjevo. Roundwood production is located in Kremna which is surrounded by pine forests, meaning that there is a solid raw material base for this kind of wood processing. Taking into account that material obtained from thinning cuts is used for the production, it positively affects silviculture as thinning represents one of the aspects of forest care.<\/p>\n<p><a href=\"https:\/\/srbijasume.rs\/ssume\/wp-content\/uploads\/2019\/05\/Nasi-proizvodi-drvna-galan.-proizvodnja-i-ugradnja-drv.-gala.-i-oblica-2.jpg\"><img loading=\"lazy\" decoding=\"async\" class=\"size-full wp-image-1768 aligncenter\" src=\"https:\/\/srbijasume.rs\/ssume\/wp-content\/uploads\/2019\/05\/Nasi-proizvodi-drvna-galan.-proizvodnja-i-ugradnja-drv.-gala.-i-oblica-2.jpg\" alt=\"\" width=\"1024\" height=\"512\" srcset=\"https:\/\/srbijasume.rs\/ssume\/wp-content\/uploads\/2019\/05\/Nasi-proizvodi-drvna-galan.-proizvodnja-i-ugradnja-drv.-gala.-i-oblica-2.jpg 1024w, https:\/\/srbijasume.rs\/ssume\/wp-content\/uploads\/2019\/05\/Nasi-proizvodi-drvna-galan.-proizvodnja-i-ugradnja-drv.-gala.-i-oblica-2-300x150.jpg 300w, https:\/\/srbijasume.rs\/ssume\/wp-content\/uploads\/2019\/05\/Nasi-proizvodi-drvna-galan.-proizvodnja-i-ugradnja-drv.-gala.-i-oblica-2-768x384.jpg 768w\" sizes=\"auto, (max-width: 1024px) 100vw, 1024px\" \/><\/a><\/p>\n<p align=\"justify\">The Kaona workshop has had a long tradition in raising and equipping of green surfaces and manufacturing of accessories for children and adults. The wood accessories produced in Kaona give a special quality to the park area furnishing as they are used for active holiday and recreation. Swings, seesaws, climbing structures and other equipment indispensable in equipping kindergartens, parks and other spaces for children to play. The product range also offers other accessories and equipment items for parks, such as benches, tables, canopies, flower pots, garbage cans and fences. In addition to furnishing public spaces, these products can be used for private gardens, arboreta, restaurants, hotels and the like.<\/p>\n<p align=\"justify\">For all the products there is an offer of wood finishes\/coatings in different colours, whereby environmentally friendly water-based coatings are highly recommended.<\/p>\n<p>We are proud to state to be the FSC\u2122 Certificate Holder &#8211; Certification <a href=\"https:\/\/srbijasume.rs\/ssume\/wp-content\/uploads\/2019\/05\/007100.pdf\">SGS-FM\/COC-007100<\/a>, which proves our products to be made of wood originating from forests that are managed in a sustainable way.<\/p>\n<p><a href=\"https:\/\/srbijasume.rs\/ssume\/wp-content\/uploads\/2019\/07\/Cenoblice1.pdf\"><strong>Price List for Roundwood &amp; Semi-Roundwood<\/strong><\/a><\/p>\n<p><a href=\"https:\/\/srbijasume.rs\/ssume\/wp-content\/uploads\/2019\/07\/Cenrekvizit1.pdf\"><strong>Price List for Leisure &amp; Recreation Props<\/strong><\/a><\/p>\n<p align=\"justify\"><strong>For further information please contact us at phone No.:<\/strong><\/p>\n<p align=\"justify\"><strong>Telephone: +381 31 3516 133<\/strong><\/p>\n<p align=\"justify\"><strong>\u0415-mail: <a href=\"mailto:gazuzice@open.telekom.rs\">gazuzice@open.telekom.rs<\/a>, <a href=\"mailto:rjobradadrveta@gmail.com\">rjobradadrveta@gmail.com<\/a><\/strong><\/p>","protected":false},"excerpt":{"rendered":"<p>An integral part of SE &#8220;Srbija\u0161ume&#8221; is also the Forest Estate &#8220;U\u017eice&#8221; and its Work Unit &#8220;Wood Processing&#8221;. The core activity of this Work Unit is the production and installation<a href=https:\/\/srbijasume.rs\/en\/nasi-proizvodi\/prozvodnja-i-ugradnja-drvene-gradje-i-oblica\/>&#8230;<\/a><\/p>\n<p><a class=\"ssume-read-more-link\" href=\"https:\/\/srbijasume.rs\/en\/nasi-proizvodi\/prozvodnja-i-ugradnja-drvene-gradje-i-oblica\/\">Read More&#8230;<i class=\"arrowrig fas fa-long-arrow-alt-right\"><\/i><\/a><\/p>\n","protected":false},"author":1,"featured_media":0,"parent":281,"menu_order":4,"comment_status":"closed","ping_status":"closed","template":"","meta":{"footnotes":""},"class_list":["post-1211","page","type-page","status-publish","hentry"],"_links":{"self":[{"href":"https:\/\/srbijasume.rs\/en\/wp-json\/wp\/v2\/pages\/1211","targetHints":{"allow":["GET"]}}],"collection":[{"href":"https:\/\/srbijasume.rs\/en\/wp-json\/wp\/v2\/pages"}],"about":[{"href":"https:\/\/srbijasume.rs\/en\/wp-json\/wp\/v2\/types\/page"}],"author":[{"embeddable":true,"href":"https:\/\/srbijasume.rs\/en\/wp-json\/wp\/v2\/users\/1"}],"replies":[{"embeddable":true,"href":"https:\/\/srbijasume.rs\/en\/wp-json\/wp\/v2\/comments?post=1211"}],"version-history":[{"count":17,"href":"https:\/\/srbijasume.rs\/en\/wp-json\/wp\/v2\/pages\/1211\/revisions"}],"predecessor-version":[{"id":15540,"href":"https:\/\/srbijasume.rs\/en\/wp-json\/wp\/v2\/pages\/1211\/revisions\/15540"}],"up":[{"embeddable":true,"href":"https:\/\/srbijasume.rs\/en\/wp-json\/wp\/v2\/pages\/281"}],"wp:attachment":[{"href":"https:\/\/srbijasume.rs\/en\/wp-json\/wp\/v2\/media?parent=1211"}],"curies":[{"name":"wp","href":"https:\/\/api.w.org\/{rel}","templated":true}]}}