{"id":114,"date":"2024-05-15T07:45:52","date_gmt":"2024-05-15T05:45:52","guid":{"rendered":"http:\/\/ssume.test\/?page_id=114"},"modified":"2026-01-13T07:38:55","modified_gmt":"2026-01-13T06:38:55","slug":"rukovodstvo","status":"publish","type":"page","link":"https:\/\/srbijasume.rs\/en\/pd\/organi-upravljanja\/rukovodstvo\/","title":{"rendered":"Management"},"content":{"rendered":"<strong><em>Acting Director <\/em><\/strong><\/p>\n<p>Krsto Janju\u0161evi\u0107, BSc in Industrial Management<\/p>\n<p>\u0422\u0435l. No.: +381 11 711 50 26<\/p>\n<p><a href=\"mailto:kabinet@srbijasume.rs\">kabinet@srbijasume.rs<\/a><\/p>\n<p>&nbsp;<\/p>\n<p><strong><em>Execute Director<\/em><\/strong> &#8211; <strong><em>Forestry, Forest Utilization, Commercial<\/em><\/strong><\/p>\n<p>Tihomir Muri\u0107, MProf in Forestry<\/p>\n<p>\u0422\u0435l. No.: +381 11 711 50 34<\/p>\n<p><a href=\"mailto:tihomir.muric@srbijasume.rs\">tihomir.muric@srbijasume.rs<\/a><\/p>\n<p>&nbsp;<\/p>\n<p><strong><em>Execute Director<\/em><\/strong> &#8211; <strong><em>Finances, Development, Public Procurement<\/em><\/strong><\/p>\n<p>Danijela Vazura, BA in Law<\/p>\n<p>\u0422\u0435l. No.: +381 11 613 03 20<\/p>\n<p><a href=\"mailto:danijela.vazura@srbijasume.rs\">danijela.vazura@srbijasume.rs<\/a><\/p>\n<p>&nbsp;<\/p>\n<p><strong><em>Execute Director<\/em><\/strong> &#8211; <strong><em>Marketing, Law, Hunting<\/em><\/strong><\/p>\n<p>Predrag Glavonji\u0107, Ph.D. in Forestry<\/p>\n<p>\u0422\u0435l. No.: +381 11 711 50 37<\/p>\n<p><a href=\"mailto:predrag.glavonjic@srbijasume.rs\">predrag.glavonjic@srbijasume.rs<\/a><\/p>\n<p>&nbsp;<\/p>\n<p><strong><em>Director<\/em><\/strong> &#8211; <strong><em>Sector for Hunting, Fisheries &amp; Tourism<\/em><\/strong><\/p>\n<p>Mitar Vu\u010durevi\u0107, BSc in Economics<\/p>\n<p>\u0422\u0435l. No.: +381 11 711 50 37<\/p>\n<p><a href=\"mailto:mitar.vucurevic@srbijasume.rs\">mitar.vucurevic@srbijasume.rs<\/a><\/p>\n<p>&nbsp;<\/p>\n<p><strong><em>Director &#8211; <\/em><\/strong><strong><em>Sector for Commercial Affairs<\/em><\/strong><\/p>\n<p>Aleksandar \u0160alipur, BSc in Forestry<\/p>\n<p>\u0422\u0435l. No.: +381 11 711 50 34<\/p>\n<p><a href=\"mailto:aleksandar.salipur@srbijasume.rs\">aleksandar.salipur@srbijasume.rs<\/a><\/p>\n<p>&nbsp;<\/p>\n<p><strong><em>Director &#8211; Sector for Forest Utilization &amp; Other Resources<\/em><\/strong><\/p>\n<p>Aleksandar Vorkapi\u0107, MSc in Forestry<\/p>\n<p>\u0422\u0435l. No.: +381 11 711 50 38<\/p>\n<p><a href=\"mailto:aleksandar.vorkapic@srbijasume.rs\">aleksandar.vorkapic@srbijasume.rs<\/a><\/p>\n<p>&nbsp;<\/p>\n<p><strong><em>Director &#8211;<\/em><\/strong> <strong><em>Sector for Forestry &amp; Environmental Protection<\/em><\/strong><\/p>\n<p>Gordana Jan\u010di\u0107, BSc in Forestry<\/p>\n<p>\u0422\u0435l. No.: +381 11 711 34 10<\/p>\n<p><a href=\"mailto:gordana.jancic@srbijasume.rs\">gordana.jancic@srbijasume.rs<\/a><\/p>\n<p>&nbsp;<\/p>\n<p><strong><em>Director &#8211; Sector for Development &amp; Strategic Planning<\/em><\/strong><\/p>\n<p>Aleksandra Radinovi\u0107, BSc in Forestry<\/p>\n<p>\u0422\u0435l. No.: +381 11 711 50 37<\/p>\n<p><a href=\"mailto:aleksandra.radinovic@srbijasume.rs\">aleksandra.radinovic@srbijasume.rs<\/a><\/p>\n<p>&nbsp;<\/p>\n<p><strong><em>Director &#8211; Sector for Finances &amp; Accounting<\/em><\/strong><\/p>\n<p>Dejan Mirkovi\u0107, MSc in Economics<\/p>\n<p>\u0422\u0435l. No.: +381 11 711 50 36<\/p>\n<p><a href=\"mailto:dmirkovic@srbijasume.rs\">dmirkovic@srbijasume.rs<\/a><\/p>\n<p>&nbsp;<\/p>\n<p><strong><em>Director &#8211;<\/em><\/strong> <strong><em>Sector for Legal Affairs<\/em><\/strong><\/p>\n<p>\u0110urica Mihalj\u010di\u0107, BA in Law<\/p>\n<p>\u0422\u0435l. No.: +381 11 711 22 78<\/p>\n<p><a href=\"mailto:djmihaljcic@srbijasume.rs\">djmihaljcic@srbijasume.rs<\/a><\/p>\n<p>&nbsp;<\/p>\n<p><strong><em>Director &#8211;<\/em><\/strong> <strong><em>Public Procurement Sector<\/em><\/strong><\/p>\n<p>Vanja Vuji\u010di\u0107, MSc in Economics<\/p>\n<p>\u0422\u0435l. No.: +381 11 613 03 20<\/p>\n<p><a href=\"mailto:vanja.vujicic@srbijasume.rs\">vanja.vujicic@srbijasume.rs<\/a><\/p>\n<p>&nbsp;<\/p>\n<p><strong><em>Director &#8211;<\/em><\/strong> <strong><em>Marketing Sector<\/em><\/strong><\/p>\n<p>Jovana Obradovi\u0107, MSc in Economics<\/p>\n<p>\u0422\u0435l. No.: +381 11 613 03 20<\/p>\n<p><a href=\"mailto:jovana.obradovic@srbijasume.rs\">jovana.obradovic@srbijasume.rs<\/a>","protected":false},"excerpt":{"rendered":"<p>Acting Director Krsto Janju\u0161evi\u0107, BSc in Industrial Management \u0422\u0435l. No.: +381 11 711 50 26 kabinet@srbijasume.rs &nbsp; Execute Director &#8211; Forestry, Forest Utilization, Commercial Tihomir Muri\u0107, MProf in Forestry \u0422\u0435l.<a href=https:\/\/srbijasume.rs\/en\/pd\/organi-upravljanja\/rukovodstvo\/>&#8230;<\/a><\/p>\n<p><a class=\"ssume-read-more-link\" href=\"https:\/\/srbijasume.rs\/en\/pd\/organi-upravljanja\/rukovodstvo\/\">Read More&#8230;<i class=\"arrowrig fas fa-long-arrow-alt-right\"><\/i><\/a><\/p>\n","protected":false},"author":1,"featured_media":0,"parent":362,"menu_order":2,"comment_status":"closed","ping_status":"closed","template":"","meta":{"footnotes":""},"class_list":["post-114","page","type-page","status-publish","hentry"],"_links":{"self":[{"href":"https:\/\/srbijasume.rs\/en\/wp-json\/wp\/v2\/pages\/114","targetHints":{"allow":["GET"]}}],"collection":[{"href":"https:\/\/srbijasume.rs\/en\/wp-json\/wp\/v2\/pages"}],"about":[{"href":"https:\/\/srbijasume.rs\/en\/wp-json\/wp\/v2\/types\/page"}],"author":[{"embeddable":true,"href":"https:\/\/srbijasume.rs\/en\/wp-json\/wp\/v2\/users\/1"}],"replies":[{"embeddable":true,"href":"https:\/\/srbijasume.rs\/en\/wp-json\/wp\/v2\/comments?post=114"}],"version-history":[{"count":138,"href":"https:\/\/srbijasume.rs\/en\/wp-json\/wp\/v2\/pages\/114\/revisions"}],"predecessor-version":[{"id":19855,"href":"https:\/\/srbijasume.rs\/en\/wp-json\/wp\/v2\/pages\/114\/revisions\/19855"}],"up":[{"embeddable":true,"href":"https:\/\/srbijasume.rs\/en\/wp-json\/wp\/v2\/pages\/362"}],"wp:attachment":[{"href":"https:\/\/srbijasume.rs\/en\/wp-json\/wp\/v2\/media?parent=114"}],"curies":[{"name":"wp","href":"https:\/\/api.w.org\/{rel}","templated":true}]}}