{"id":111,"date":"2019-03-28T07:45:36","date_gmt":"2019-03-28T06:45:36","guid":{"rendered":"http:\/\/ssume.test\/?page_id=111"},"modified":"2026-03-04T11:20:38","modified_gmt":"2026-03-04T10:20:38","slug":"nadzorni-odbor","status":"publish","type":"page","link":"https:\/\/srbijasume.rs\/en\/pd\/organi-upravljanja\/nadzorni-odbor\/","title":{"rendered":"Supervisory Board"},"content":{"rendered":"The Supervisory Board of &#8220;Srbija\u0161ume&#8221; LLC Belgrade has five members.<\/p>\n<p>&nbsp;<\/p>\n<p><strong>President<\/strong><\/p>\n<p>Milo\u0161 Sre\u0107kovi\u0107, BSc in Law<\/p>\n<p>&nbsp;<\/p>\n<p><strong>Members<\/strong><\/p>\n<p>Jovan Crnobarac,<\/p>\n<p>Marijana Lazi\u0107,<\/p>\n<p>Meho Omerovi\u0107, BA in Political Sciences<\/p>\n<p>Tihomir Muri\u0107, \u00a0MProf in Forestry","protected":false},"excerpt":{"rendered":"<p>The Supervisory Board of &#8220;Srbija\u0161ume&#8221; LLC Belgrade has five members. &nbsp; President Milo\u0161 Sre\u0107kovi\u0107, BSc in Law &nbsp; Members Jovan Crnobarac, Marijana Lazi\u0107, Meho Omerovi\u0107, BA in Political Sciences Tihomir<a href=https:\/\/srbijasume.rs\/en\/pd\/organi-upravljanja\/nadzorni-odbor\/>&#8230;<\/a><\/p>\n<p><a class=\"ssume-read-more-link\" href=\"https:\/\/srbijasume.rs\/en\/pd\/organi-upravljanja\/nadzorni-odbor\/\">Read More&#8230;<i class=\"arrowrig fas fa-long-arrow-alt-right\"><\/i><\/a><\/p>\n","protected":false},"author":1,"featured_media":0,"parent":362,"menu_order":1,"comment_status":"closed","ping_status":"closed","template":"","meta":{"footnotes":""},"class_list":["post-111","page","type-page","status-publish","hentry"],"_links":{"self":[{"href":"https:\/\/srbijasume.rs\/en\/wp-json\/wp\/v2\/pages\/111","targetHints":{"allow":["GET"]}}],"collection":[{"href":"https:\/\/srbijasume.rs\/en\/wp-json\/wp\/v2\/pages"}],"about":[{"href":"https:\/\/srbijasume.rs\/en\/wp-json\/wp\/v2\/types\/page"}],"author":[{"embeddable":true,"href":"https:\/\/srbijasume.rs\/en\/wp-json\/wp\/v2\/users\/1"}],"replies":[{"embeddable":true,"href":"https:\/\/srbijasume.rs\/en\/wp-json\/wp\/v2\/comments?post=111"}],"version-history":[{"count":44,"href":"https:\/\/srbijasume.rs\/en\/wp-json\/wp\/v2\/pages\/111\/revisions"}],"predecessor-version":[{"id":20065,"href":"https:\/\/srbijasume.rs\/en\/wp-json\/wp\/v2\/pages\/111\/revisions\/20065"}],"up":[{"embeddable":true,"href":"https:\/\/srbijasume.rs\/en\/wp-json\/wp\/v2\/pages\/362"}],"wp:attachment":[{"href":"https:\/\/srbijasume.rs\/en\/wp-json\/wp\/v2\/media?parent=111"}],"curies":[{"name":"wp","href":"https:\/\/api.w.org\/{rel}","templated":true}]}}